{"id":258,"date":"2019-09-12T12:10:58","date_gmt":"2019-09-12T15:10:58","guid":{"rendered":"http:\/\/camila109.cl\/wP\/?page_id=258"},"modified":"2022-03-30T14:16:46","modified_gmt":"2022-03-30T17:16:46","slug":"servicios","status":"publish","type":"page","link":"https:\/\/camila109.cl\/wP\/servicios\/","title":{"rendered":"Servicios"},"content":{"rendered":"\n<div class=\"is-layout-flex wp-container-3 wp-block-columns has-2-columns\">\n<div class=\"is-layout-flow wp-block-column\"><\/div>\n\n\n\n<div class=\"is-layout-flow wp-block-column\"><\/div>\n<\/div>\n\n\n\n<div class=\"is-layout-flex wp-container-6 wp-block-columns has-2-columns\">\n<div class=\"is-layout-flow wp-block-column\"><\/div>\n\n\n\n<div class=\"is-layout-flow wp-block-column\">\n<p><\/p>\n<\/div>\n<\/div>\n\n\n\n<h3 class=\"has-text-align-center\">Comodidades<\/h3>\n\n\n\n<div class=\"is-layout-flex wp-container-9 wp-block-columns has-2-columns\">\n<div class=\"is-layout-flow wp-block-column\">\n<figure class=\"wp-block-image is-resized\"><img decoding=\"async\" loading=\"lazy\" src=\"http:\/\/camila109.cl\/wP\/wp-content\/uploads\/2019\/09\/room2.jpg\" alt=\"\" class=\"wp-image-58\" width=\"568\" height=\"378\" srcset=\"https:\/\/camila109.cl\/wP\/wp-content\/uploads\/2019\/09\/room2.jpg 500w, https:\/\/camila109.cl\/wP\/wp-content\/uploads\/2019\/09\/room2-300x200.jpg 300w\" sizes=\"(max-width: 568px) 100vw, 568px\" \/><\/figure>\n<\/div>\n\n\n\n<div class=\"is-layout-flow wp-block-column\">\n<p class=\"has-drop-cap has-text-align-right\">Televisi\u00f3n por cable en habitaciones. WiFi. Toallas y amenidades. Secador de pelo. Calefacci\u00f3n el\u00e9ctrica. Ba\u00f1os privados y compartidos. Parrilla de asados.<\/p>\n<\/div>\n<\/div>\n\n\n\n<h3 class=\"has-text-align-center\">Facilities<\/h3>\n\n\n\n<div class=\"is-layout-flex wp-container-12 wp-block-columns has-2-columns\">\n<div class=\"is-layout-flow wp-block-column\">\n<p><\/p>\n<\/div>\n\n\n\n<div class=\"is-layout-flow wp-block-column\">\n<p class=\"has-drop-cap has-text-align-right\">Cable TV on rooms. WiFi. Towels &amp; amenities. Hair dryer. Heating on rooms. Private and shared bathrooms. BBQ.<\/p>\n<\/div>\n<\/div>\n\n\n\n<h3 class=\"has-text-align-center\">Informaci\u00f3n General<\/h3>\n\n\n\n<div class=\"is-layout-flex wp-container-15 wp-block-columns has-2-columns\">\n<div class=\"is-layout-flow wp-block-column\">\n<div class=\"wp-block-image\"><figure class=\"aligncenter\"><img decoding=\"async\" loading=\"lazy\" width=\"100\" height=\"141\" src=\"http:\/\/camila109.cl\/wP\/wp-content\/uploads\/2019\/09\/selloCalidad.jpg\" alt=\"\" class=\"wp-image-279\"\/><\/figure><\/div>\n<\/div>\n\n\n\n<div class=\"is-layout-flow wp-block-column\">\n<ul><li>Calidad certificada (Sello Q de SERNATUR)<\/li><li><span style=\"font-size: 1rem;\">Estacionamiento &#8211; costo extra<\/span><\/li><li>Late check-out &#8211; costo extra<\/li><li>Se aceptan tarjetas de cr\u00e9dito<\/li><li>Extranjeros no residentes no pagan  IVA solo con USD o EURO<\/li><\/ul>\n<\/div>\n<\/div>\n\n\n\n<h3 class=\"has-text-align-center\">Information<\/h3>\n\n\n\n<div class=\"is-layout-flex wp-container-18 wp-block-columns has-2-columns\">\n<div class=\"is-layout-flow wp-block-column\">\n<p><\/p>\n<\/div>\n\n\n\n<div class=\"is-layout-flow wp-block-column\">\n<ul><li>Quality certified<\/li><li>Parking &#8211; extra cost<\/li><li>Late checkout &#8211; extra cost<\/li><li>Credit cards are accepted<\/li><li>Foreigners do not pay TAX &#8211; paying in USD or EURO<\/li><\/ul>\n<\/div>\n<\/div>\n\n\n\n<div class=\"is-layout-flex wp-container-21 wp-block-columns has-2-columns\">\n<div class=\"is-layout-flow wp-block-column\">\n<figure class=\"wp-block-image is-resized\"><img decoding=\"async\" loading=\"lazy\" src=\"http:\/\/camila109.cl\/wP\/wp-content\/uploads\/2019\/09\/bioclimatico.jpg\" alt=\"\" class=\"wp-image-262\" width=\"287\" height=\"446\" srcset=\"https:\/\/camila109.cl\/wP\/wp-content\/uploads\/2019\/09\/bioclimatico.jpg 508w, https:\/\/camila109.cl\/wP\/wp-content\/uploads\/2019\/09\/bioclimatico-193x300.jpg 193w\" sizes=\"(max-width: 287px) 100vw, 287px\" \/><\/figure>\n<\/div>\n\n\n\n<div class=\"is-layout-flow wp-block-column\">\n<h6 class=\"has-text-align-center\">Bioclimatico<\/h6>\n\n\n\n<ul><li>Termopaneles en todas las habitaciones<\/li><li>Agua reciclada en WC<\/li><li>Reciclaje y selecci\u00f3n de residuos con la colaboraci\u00f3n de <a href=\"http:\/\/www.valpointerviene.cl\/\">Valpo Interviene.<\/a><\/li><\/ul>\n<\/div>\n<\/div>\n","protected":false},"excerpt":{"rendered":"<p>Comodidades Televisi\u00f3n por cable en habitaciones. WiFi. Toallas y amenidades. Secador de pelo. Calefacci\u00f3n el\u00e9ctrica. Ba\u00f1os privados y compartidos. Parrilla de asados. Facilities Cable TV on rooms. WiFi. Towels &amp; amenities. Hair dryer. Heating on rooms. Private and shared bathrooms. BBQ. Informaci\u00f3n General Calidad certificada (Sello Q de SERNATUR) Estacionamiento &#8211; costo extra Late check-out &#8211; costo extra Se aceptan tarjetas de cr\u00e9dito Extranjeros no residentes no pagan IVA solo con USD o EURO Information Quality certified Parking &#8211; extra cost Late checkout &#8211; extra cost Credit cards are accepted Foreigners do not pay TAX &#8211; paying in USD or EURO Bioclimatico Termopaneles en todas las habitaciones Agua reciclada en WC Reciclaje y selecci\u00f3n de residuos con la colaboraci\u00f3n de Valpo Interviene.<\/p>\n","protected":false},"author":1,"featured_media":0,"parent":0,"menu_order":0,"comment_status":"closed","ping_status":"closed","template":"","meta":{"_mi_skip_tracking":false},"_links":{"self":[{"href":"https:\/\/camila109.cl\/wP\/wp-json\/wp\/v2\/pages\/258"}],"collection":[{"href":"https:\/\/camila109.cl\/wP\/wp-json\/wp\/v2\/pages"}],"about":[{"href":"https:\/\/camila109.cl\/wP\/wp-json\/wp\/v2\/types\/page"}],"author":[{"embeddable":true,"href":"https:\/\/camila109.cl\/wP\/wp-json\/wp\/v2\/users\/1"}],"replies":[{"embeddable":true,"href":"https:\/\/camila109.cl\/wP\/wp-json\/wp\/v2\/comments?post=258"}],"version-history":[{"count":49,"href":"https:\/\/camila109.cl\/wP\/wp-json\/wp\/v2\/pages\/258\/revisions"}],"predecessor-version":[{"id":601,"href":"https:\/\/camila109.cl\/wP\/wp-json\/wp\/v2\/pages\/258\/revisions\/601"}],"wp:attachment":[{"href":"https:\/\/camila109.cl\/wP\/wp-json\/wp\/v2\/media?parent=258"}],"curies":[{"name":"wp","href":"https:\/\/api.w.org\/{rel}","templated":true}]}}