{"id":136,"date":"2019-09-10T08:26:45","date_gmt":"2019-09-10T11:26:45","guid":{"rendered":"http:\/\/camila109.cl\/wP\/?page_id=136"},"modified":"2019-09-14T16:56:01","modified_gmt":"2019-09-14T19:56:01","slug":"location","status":"publish","type":"page","link":"https:\/\/camila109.cl\/wP\/location\/","title":{"rendered":"Ubicaci\u00f3n"},"content":{"rendered":"\n<h6 style=\"text-align:left\">Nuestra Direcci\u00f3n<\/h6>\n\n\n\n<iframe loading=\"lazy\" src=\"https:\/\/www.google.com\/maps\/embed?pb=!1m18!1m12!1m3!1d7525.114109138032!2d-71.63189794237762!3d-33.04798070906904!2m3!1f0!2f0!3f0!3m2!1i1024!2i768!4f13.1!3m3!1m2!1s0x9689e1250ffb4a05%3A0x72877671a3323184!2sCamila%20109%20B%26B!5e0!3m2!1ses!2scl!4v1568136230365!5m2!1ses!2scl\" width=\"400\" height=\"300\" frameborder=\"0\" style=\"border:0;\" allowfullscreen=\"\"><\/iframe>\n\n\n\n<h6 style=\"text-align:left\">Calle Camila N\u00ba 109 &#8211; Cerro La Loma (Avenida Alemania altura 5600) &#8211; Valparaiso<\/h6>\n\n\n\n<p><\/p>\n\n\n\n<h4 style=\"text-align:center\">Distancia a sitios de interes<\/h4>\n\n\n\n<div class=\"is-layout-flex wp-container-3 wp-block-columns has-2-columns\">\n<div class=\"is-layout-flow wp-block-column\">\n<div class=\"wp-block-image\"><figure class=\"alignleft\"><img decoding=\"async\" loading=\"lazy\" width=\"253\" height=\"155\" src=\"http:\/\/camila109.cl\/wP\/wp-content\/uploads\/2019\/09\/quintaNunez.jpg\" alt=\"\" class=\"wp-image-290\"\/><\/figure><\/div>\n<\/div>\n\n\n\n<div class=\"is-layout-flow wp-block-column\">\n<div style=\"height:33px\" aria-hidden=\"true\" class=\"wp-block-spacer\"><\/div>\n\n\n\n<ul><li>A pocos metros de La Quinta de los Nu\u00f1ez<\/li><li><em>Few meters away from La Quinta de los Nu\u00f1ez (typical food and local music)<\/em><\/li><\/ul>\n<\/div>\n<\/div>\n\n\n\n<div class=\"is-layout-flex wp-container-6 wp-block-columns has-2-columns\">\n<div class=\"is-layout-flow wp-block-column\">\n<figure class=\"wp-block-image is-resized\"><img decoding=\"async\" loading=\"lazy\" src=\"http:\/\/camila109.cl\/wP\/wp-content\/uploads\/2019\/09\/titeres4m-683x1024.jpg\" alt=\"\" class=\"wp-image-307\" width=\"245\" height=\"367\" srcset=\"https:\/\/camila109.cl\/wP\/wp-content\/uploads\/2019\/09\/titeres4m-683x1024.jpg 683w, https:\/\/camila109.cl\/wP\/wp-content\/uploads\/2019\/09\/titeres4m-200x300.jpg 200w, https:\/\/camila109.cl\/wP\/wp-content\/uploads\/2019\/09\/titeres4m-768x1152.jpg 768w, https:\/\/camila109.cl\/wP\/wp-content\/uploads\/2019\/09\/titeres4m.jpg 1200w\" sizes=\"(max-width: 245px) 100vw, 245px\" \/><\/figure>\n<\/div>\n\n\n\n<div class=\"is-layout-flow wp-block-column\">\n<div style=\"height:48px\" aria-hidden=\"true\" class=\"wp-block-spacer\"><\/div>\n\n\n\n<ul><li>5 minutos de caminata por Avenida Alemania al Teatro Museo del T\u00edtere y el Payaso<\/li><li><em>5 minutes walk along Alemania Av. to Teatro Museo del T\u00edtere y el Payaso<\/em><\/li><\/ul>\n<\/div>\n<\/div>\n\n\n\n<div class=\"is-layout-flex wp-container-9 wp-block-columns has-2-columns\">\n<div class=\"is-layout-flow wp-block-column\">\n<figure class=\"wp-block-image\"><img decoding=\"async\" loading=\"lazy\" width=\"350\" height=\"184\" src=\"http:\/\/camila109.cl\/wP\/wp-content\/uploads\/2019\/09\/edificioParque.jpg\" alt=\"\" class=\"wp-image-292\" srcset=\"https:\/\/camila109.cl\/wP\/wp-content\/uploads\/2019\/09\/edificioParque.jpg 350w, https:\/\/camila109.cl\/wP\/wp-content\/uploads\/2019\/09\/edificioParque-300x158.jpg 300w\" sizes=\"(max-width: 350px) 100vw, 350px\" \/><\/figure>\n<\/div>\n\n\n\n<div class=\"is-layout-flow wp-block-column\">\n<div style=\"height:53px\" aria-hidden=\"true\" class=\"wp-block-spacer\"><\/div>\n\n\n\n<ul><li>5 minutos de caminata al Parque Cultural de Valpara\u00edso<\/li><li><em>5 minutes walk to Valparaiso Cultural Center<\/em><\/li><\/ul>\n<\/div>\n<\/div>\n\n\n\n<div class=\"is-layout-flex wp-container-12 wp-block-columns has-2-columns\">\n<div class=\"is-layout-flow wp-block-column\">\n<figure class=\"wp-block-image\"><img decoding=\"async\" loading=\"lazy\" width=\"1024\" height=\"342\" src=\"http:\/\/camila109.cl\/wP\/wp-content\/uploads\/2019\/09\/la-sebastiana-exterior-1024x342.jpg\" alt=\"\" class=\"wp-image-294\" srcset=\"https:\/\/camila109.cl\/wP\/wp-content\/uploads\/2019\/09\/la-sebastiana-exterior-1024x342.jpg 1024w, https:\/\/camila109.cl\/wP\/wp-content\/uploads\/2019\/09\/la-sebastiana-exterior-300x100.jpg 300w, https:\/\/camila109.cl\/wP\/wp-content\/uploads\/2019\/09\/la-sebastiana-exterior-768x256.jpg 768w, https:\/\/camila109.cl\/wP\/wp-content\/uploads\/2019\/09\/la-sebastiana-exterior.jpg 1199w\" sizes=\"(max-width: 1024px) 100vw, 1024px\" \/><\/figure>\n<\/div>\n\n\n\n<div class=\"is-layout-flow wp-block-column\">\n<div style=\"height:20px\" aria-hidden=\"true\" class=\"wp-block-spacer\"><\/div>\n\n\n\n<ul><li>20 minutos de caminata a la casa de Pablo Neruda &#8211; &#8220;La Sebastiana&#8221;<\/li><li><em>20 minutes walk to Pablo Neruda house &#8211; &#8220;La Sebastiana&#8221;<\/em><\/li><\/ul>\n<\/div>\n<\/div>\n\n\n\n<div class=\"is-layout-flex wp-container-15 wp-block-columns has-2-columns\">\n<div class=\"is-layout-flow wp-block-column\">\n<figure class=\"wp-block-image\"><img decoding=\"async\" loading=\"lazy\" width=\"900\" height=\"600\" src=\"http:\/\/camila109.cl\/wP\/wp-content\/uploads\/2019\/09\/Alegre_Concepcion.jpg\" alt=\"\" class=\"wp-image-297\" srcset=\"https:\/\/camila109.cl\/wP\/wp-content\/uploads\/2019\/09\/Alegre_Concepcion.jpg 900w, https:\/\/camila109.cl\/wP\/wp-content\/uploads\/2019\/09\/Alegre_Concepcion-300x200.jpg 300w, https:\/\/camila109.cl\/wP\/wp-content\/uploads\/2019\/09\/Alegre_Concepcion-768x512.jpg 768w\" sizes=\"(max-width: 900px) 100vw, 900px\" \/><\/figure>\n<\/div>\n\n\n\n<div class=\"is-layout-flow wp-block-column\">\n<div style=\"height:53px\" aria-hidden=\"true\" class=\"wp-block-spacer\"><\/div>\n\n\n\n<ul><li>20 minutos de caminata a los cerros Alegre y Concepci\u00f3n<\/li><li><em>20 minutes walk to Alegre and Concepcion Hills <\/em><\/li><\/ul>\n<\/div>\n<\/div>\n\n\n\n<div class=\"is-layout-flex wp-container-18 wp-block-columns has-2-columns\">\n<div class=\"is-layout-flow wp-block-column\">\n<figure class=\"wp-block-image\"><img decoding=\"async\" loading=\"lazy\" width=\"618\" height=\"424\" src=\"http:\/\/camila109.cl\/wP\/wp-content\/uploads\/2019\/09\/barrioPuerto.jpg\" alt=\"\" class=\"wp-image-300\" srcset=\"https:\/\/camila109.cl\/wP\/wp-content\/uploads\/2019\/09\/barrioPuerto.jpg 618w, https:\/\/camila109.cl\/wP\/wp-content\/uploads\/2019\/09\/barrioPuerto-300x206.jpg 300w\" sizes=\"(max-width: 618px) 100vw, 618px\" \/><\/figure>\n<\/div>\n\n\n\n<div class=\"is-layout-flow wp-block-column\">\n<div style=\"height:60px\" aria-hidden=\"true\" class=\"wp-block-spacer\"><\/div>\n\n\n\n<ul><li>20 minutos de caminata al Centro Hist\u00f3rico &#8211; Barrio Puerto<\/li><li>20 minutes walk to the Port and Historical city center<\/li><\/ul>\n<\/div>\n<\/div>\n","protected":false},"excerpt":{"rendered":"<p>Nuestra Direcci\u00f3n Calle Camila N\u00ba 109 &#8211; Cerro La Loma (Avenida Alemania altura 5600) &#8211; Valparaiso Distancia a sitios de interes A pocos metros de La Quinta de los Nu\u00f1ez Few meters away from La Quinta de los Nu\u00f1ez (typical food and local music) 5 minutos de caminata por Avenida Alemania al Teatro Museo del T\u00edtere y el Payaso 5 minutes walk along Alemania Av. to Teatro Museo del T\u00edtere y el Payaso 5 minutos de caminata al Parque Cultural de Valpara\u00edso 5 minutes walk to Valparaiso Cultural Center 20 minutos de caminata a la casa de Pablo Neruda &#8211; &#8220;La Sebastiana&#8221; 20 minutes walk to Pablo Neruda house &#8211; &#8220;La Sebastiana&#8221; 20 minutos de caminata a los cerros Alegre y Concepci\u00f3n 20 minutes walk to Alegre and Concepcion Hills 20 minutos de caminata al Centro Hist\u00f3rico &#8211; Barrio Puerto 20 minutes walk to the Port and Historical city center<\/p>\n","protected":false},"author":1,"featured_media":0,"parent":0,"menu_order":0,"comment_status":"closed","ping_status":"closed","template":"","meta":{"_mi_skip_tracking":false},"_links":{"self":[{"href":"https:\/\/camila109.cl\/wP\/wp-json\/wp\/v2\/pages\/136"}],"collection":[{"href":"https:\/\/camila109.cl\/wP\/wp-json\/wp\/v2\/pages"}],"about":[{"href":"https:\/\/camila109.cl\/wP\/wp-json\/wp\/v2\/types\/page"}],"author":[{"embeddable":true,"href":"https:\/\/camila109.cl\/wP\/wp-json\/wp\/v2\/users\/1"}],"replies":[{"embeddable":true,"href":"https:\/\/camila109.cl\/wP\/wp-json\/wp\/v2\/comments?post=136"}],"version-history":[{"count":49,"href":"https:\/\/camila109.cl\/wP\/wp-json\/wp\/v2\/pages\/136\/revisions"}],"predecessor-version":[{"id":329,"href":"https:\/\/camila109.cl\/wP\/wp-json\/wp\/v2\/pages\/136\/revisions\/329"}],"wp:attachment":[{"href":"https:\/\/camila109.cl\/wP\/wp-json\/wp\/v2\/media?parent=136"}],"curies":[{"name":"wp","href":"https:\/\/api.w.org\/{rel}","templated":true}]}}